{"id":53589,"date":"2026-05-04T14:37:32","date_gmt":"2026-05-04T20:37:32","guid":{"rendered":"https:\/\/informadorweb.com\/?page_id=53589"},"modified":"2026-05-04T20:37:33","modified_gmt":"2026-05-04T20:37:33","slug":"liga-de-la-juventud-comunista-de-china-reune-cerca-de-7834-millones-de-miembros","status":"publish","type":"page","link":"https:\/\/informadorweb.com\/?page_id=53589","title":{"rendered":"Liga de la Juventud Comunista de China re\u00fane cerca de 78,34 millones de miembros"},"content":{"rendered":"<p>BEIJING, 3 may (Xinhua) &#8212; La Liga de la Juventud Comunista de China (LJCCh) contaba con aproximadamente 78,34 millones de miembros al finalizar 2025, a\u00f1o en el que registr\u00f3 un aumento representado en unos 9,14 millones de nuevos ingresados, inform\u00f3 hoy domingo el Comit\u00e9 Central de la LJCCh. Al cierre del a\u00f1o pasado reun\u00eda alrededor de 5,15 millones de organizaciones en todo el pa\u00eds, seg\u00fan datos publicados por la misma fuente. En 2025 hab\u00eda aproximadamente 2,35 millones de organizaciones de la LJCCh en escuelas, colegios y universidades, con alrededor de 41,83 millones de miembros. Las restantes organizaciones de la LJCCh estaban vinculadas a empresas, instituciones p\u00fablicas, comunidades urbanas y rurales y agrupaciones sociales, as\u00ed como a otros \u00e1mbitos. Fin<\/p>\n","protected":false},"excerpt":{"rendered":"<p>BEIJING, 3 may (Xinhua) &#8212; La Liga de la Juventud Comunista de China (LJCCh) contaba&#8230;<\/p>\n","protected":false},"author":1,"featured_media":0,"parent":0,"menu_order":0,"comment_status":"closed","ping_status":"closed","template":"","meta":{"footnotes":""},"class_list":["post-53589","page","type-page","status-publish","hentry"],"_links":{"self":[{"href":"https:\/\/informadorweb.com\/index.php?rest_route=\/wp\/v2\/pages\/53589","targetHints":{"allow":["GET"]}}],"collection":[{"href":"https:\/\/informadorweb.com\/index.php?rest_route=\/wp\/v2\/pages"}],"about":[{"href":"https:\/\/informadorweb.com\/index.php?rest_route=\/wp\/v2\/types\/page"}],"author":[{"embeddable":true,"href":"https:\/\/informadorweb.com\/index.php?rest_route=\/wp\/v2\/users\/1"}],"replies":[{"embeddable":true,"href":"https:\/\/informadorweb.com\/index.php?rest_route=%2Fwp%2Fv2%2Fcomments&post=53589"}],"version-history":[{"count":1,"href":"https:\/\/informadorweb.com\/index.php?rest_route=\/wp\/v2\/pages\/53589\/revisions"}],"predecessor-version":[{"id":53590,"href":"https:\/\/informadorweb.com\/index.php?rest_route=\/wp\/v2\/pages\/53589\/revisions\/53590"}],"wp:attachment":[{"href":"https:\/\/informadorweb.com\/index.php?rest_route=%2Fwp%2Fv2%2Fmedia&parent=53589"}],"curies":[{"name":"wp","href":"https:\/\/api.w.org\/{rel}","templated":true}]}}