{"id":53587,"date":"2026-05-04T14:36:27","date_gmt":"2026-05-04T20:36:27","guid":{"rendered":"https:\/\/informadorweb.com\/?page_id=53587"},"modified":"2026-05-04T20:36:28","modified_gmt":"2026-05-04T20:36:28","slug":"xi-insta-a-jovenes-chinos-a-alinear-aspiraciones-personales-con-progreso-nacional","status":"publish","type":"page","link":"https:\/\/informadorweb.com\/?page_id=53587","title":{"rendered":"Xi insta a j\u00f3venes chinos a alinear aspiraciones personales con progreso nacional"},"content":{"rendered":"<p>BEIJING, 3 may (Xinhua) &#8212; El presidente chino, Xi Jinping, alent\u00f3 a los j\u00f3venes chinos a integrar sus aspiraciones personales en el panorama general del desarrollo nacional. Xi, tambi\u00e9n secretario general del Comit\u00e9 Central del Partido Comunista de China y presidente de la Comisi\u00f3n Militar Central, hizo estas declaraciones en una carta de respuesta a los representantes de los galardonados con la Medalla del Cuatro de Mayo de la Juventud de China y el premio Pioneros de la Juventud de la Nueva Era, en v\u00edsperas del D\u00eda de la Juventud de China, que se celebrar\u00e1 el lunes. En la carta, Xi tambi\u00e9n hizo extensivos sus saludos festivos a los j\u00f3venes de todo el pa\u00eds. Fin<\/p>\n","protected":false},"excerpt":{"rendered":"<p>BEIJING, 3 may (Xinhua) &#8212; El presidente chino, Xi Jinping, alent\u00f3 a los j\u00f3venes chinos&#8230;<\/p>\n","protected":false},"author":1,"featured_media":0,"parent":0,"menu_order":0,"comment_status":"closed","ping_status":"closed","template":"","meta":{"footnotes":""},"class_list":["post-53587","page","type-page","status-publish","hentry"],"_links":{"self":[{"href":"https:\/\/informadorweb.com\/index.php?rest_route=\/wp\/v2\/pages\/53587","targetHints":{"allow":["GET"]}}],"collection":[{"href":"https:\/\/informadorweb.com\/index.php?rest_route=\/wp\/v2\/pages"}],"about":[{"href":"https:\/\/informadorweb.com\/index.php?rest_route=\/wp\/v2\/types\/page"}],"author":[{"embeddable":true,"href":"https:\/\/informadorweb.com\/index.php?rest_route=\/wp\/v2\/users\/1"}],"replies":[{"embeddable":true,"href":"https:\/\/informadorweb.com\/index.php?rest_route=%2Fwp%2Fv2%2Fcomments&post=53587"}],"version-history":[{"count":1,"href":"https:\/\/informadorweb.com\/index.php?rest_route=\/wp\/v2\/pages\/53587\/revisions"}],"predecessor-version":[{"id":53588,"href":"https:\/\/informadorweb.com\/index.php?rest_route=\/wp\/v2\/pages\/53587\/revisions\/53588"}],"wp:attachment":[{"href":"https:\/\/informadorweb.com\/index.php?rest_route=%2Fwp%2Fv2%2Fmedia&parent=53587"}],"curies":[{"name":"wp","href":"https:\/\/api.w.org\/{rel}","templated":true}]}}