{"id":2824,"date":"2025-01-01T09:00:00","date_gmt":"2025-01-01T15:00:00","guid":{"rendered":"https:\/\/informadorweb.com\/?page_id=2824"},"modified":"2026-03-06T17:52:34","modified_gmt":"2026-03-06T17:52:34","slug":"latino-tv","status":"publish","type":"page","link":"https:\/\/informadorweb.com\/?page_id=2824","title":{"rendered":"Latino TV"},"content":{"rendered":"<h1>Las noticias vivas en tu formato favorito&#8230;<\/h1>\n<p>&nbsp;<\/p>\n<p>Arte, m\u00fasica y color engalanan festejo del D\u00eda del Ni\u00f1o en M\u00e9xico<\/p>\n<p><iframe loading=\"lazy\" title=\"Arte, m\u00fasica y color engalanan festejo del D\u00eda del Ni\u00f1o en M\u00e9xico\" width=\"640\" height=\"360\" src=\"https:\/\/www.youtube.com\/embed\/pnm2QxrxAXc?feature=oembed\" frameborder=\"0\" allow=\"accelerometer; autoplay; clipboard-write; encrypted-media; gyroscope; picture-in-picture; web-share\" referrerpolicy=\"strict-origin-when-cross-origin\" allowfullscreen><\/iframe><\/p>\n<p>&nbsp;<\/p>\n<p>La cereza chilena es embajadora indiscutible en China, destaca industria frut\u00edcola de Chile<\/p>\n<p><iframe loading=\"lazy\" title=\"La cereza chilena es embajadora indiscutible en China, destaca industria frut\u00edcola de Chile\" width=\"640\" height=\"360\" src=\"https:\/\/www.youtube.com\/embed\/B--yGZvGR0o?feature=oembed\" frameborder=\"0\" allow=\"accelerometer; autoplay; clipboard-write; encrypted-media; gyroscope; picture-in-picture; web-share\" referrerpolicy=\"strict-origin-when-cross-origin\" allowfullscreen><\/iframe><\/p>\n<p>&nbsp;<\/p>\n<p>China es socio esencial para el crecimiento econ\u00f3mico de Brasil, dice presidente brasile\u00f1o<\/p>\n<p><iframe loading=\"lazy\" title=\"China es socio esencial para el crecimiento econ\u00f3mico de Brasil, dice presidente brasile\u00f1o\" width=\"640\" height=\"360\" src=\"https:\/\/www.youtube.com\/embed\/g8gstQ2wyYY?feature=oembed\" frameborder=\"0\" allow=\"accelerometer; autoplay; clipboard-write; encrypted-media; gyroscope; picture-in-picture; web-share\" referrerpolicy=\"strict-origin-when-cross-origin\" allowfullscreen><\/iframe><\/p>\n<p>&nbsp;<\/p>\n<p>Eduardo Yong Motta, el doctor peruano que considera \u00abun tesoro\u00bb la medicina tradicional china<\/p>\n<p><iframe loading=\"lazy\" title=\"Eduardo Yong Motta, el doctor peruano que considera &#039;un tesoro&#039; la medicina tradicional china\" width=\"640\" height=\"360\" src=\"https:\/\/www.youtube.com\/embed\/pgZa82qfpbc?feature=oembed\" frameborder=\"0\" allow=\"accelerometer; autoplay; clipboard-write; encrypted-media; gyroscope; picture-in-picture; web-share\" referrerpolicy=\"strict-origin-when-cross-origin\" allowfullscreen><\/iframe><\/p>\n<p>&nbsp;<\/p>\n<p>A 15 a\u00f1os del golpe de Estado, Honduras tiene oportunidades para fortalecer democracia, dice expresidente Zelaya<\/p>\n<p><iframe loading=\"lazy\" title=\"A 15 a\u00f1os del golpe de Estado, Honduras fortaleci\u00f3 democracia, dice expresidente Zelaya\" width=\"640\" height=\"360\" src=\"https:\/\/www.youtube.com\/embed\/gE4UhfxTgtg?feature=oembed\" frameborder=\"0\" allow=\"accelerometer; autoplay; clipboard-write; encrypted-media; gyroscope; picture-in-picture; web-share\" referrerpolicy=\"strict-origin-when-cross-origin\" allowfullscreen><\/iframe><\/p>\n<p>&nbsp;<\/p>\n<p>Hostilidad y maltrato, realidad de migrantes hondure\u00f1os deportados de EEUU<\/p>\n<p><iframe loading=\"lazy\" title=\"Hostilidad y maltrato, realidad de migrantes hondure\u00f1os deportados de Estados Unidos\" width=\"640\" height=\"360\" src=\"https:\/\/www.youtube.com\/embed\/InLkzPEVwSA?feature=oembed\" frameborder=\"0\" allow=\"accelerometer; autoplay; clipboard-write; encrypted-media; gyroscope; picture-in-picture; web-share\" referrerpolicy=\"strict-origin-when-cross-origin\" allowfullscreen><\/iframe><\/p>\n<p>&nbsp;<\/p>\n<p>Di\u00e1logo Transpac\u00edfico | Turismo chino en Cuba, nuevo impacto positivo en cooperaci\u00f3n econ\u00f3mica entre China y Cuba<\/p>\n<p><iframe loading=\"lazy\" title=\"Turismo chino en Cuba,nuevo impacto positivo en cooperaci\u00f3n econ\u00f3mica entre China y Cuba\" width=\"640\" height=\"360\" src=\"https:\/\/www.youtube.com\/embed\/qous7Q_-neU?feature=oembed\" frameborder=\"0\" allow=\"accelerometer; autoplay; clipboard-write; encrypted-media; gyroscope; picture-in-picture; web-share\" referrerpolicy=\"strict-origin-when-cross-origin\" allowfullscreen><\/iframe><\/p>\n<p>&nbsp;<\/p>\n<p>Alianza gobernante liderada por Modi gana las elecciones generales en la India<\/p>\n<p><iframe loading=\"lazy\" title=\"Alianza gobernante liderada por Modi gana las elecciones generales en la India\" width=\"640\" height=\"360\" src=\"https:\/\/www.youtube.com\/embed\/SuWDQ7m6AsI?feature=oembed\" frameborder=\"0\" allow=\"accelerometer; autoplay; clipboard-write; encrypted-media; gyroscope; picture-in-picture; web-share\" referrerpolicy=\"strict-origin-when-cross-origin\" allowfullscreen><\/iframe><\/p>\n<p>&nbsp;<\/p>\n<p>Promueven protecci\u00f3n de insectos durante evento internacional de observaci\u00f3n de aves en Per\u00fa<\/p>\n<p><iframe loading=\"lazy\" title=\"Promueven protecci\u00f3n de insectos durante evento internacional de observaci\u00f3n de aves en Per\u00fa\" width=\"640\" height=\"360\" src=\"https:\/\/www.youtube.com\/embed\/td_gW_J0BTY?feature=oembed\" frameborder=\"0\" allow=\"accelerometer; autoplay; clipboard-write; encrypted-media; gyroscope; picture-in-picture; web-share\" referrerpolicy=\"strict-origin-when-cross-origin\" allowfullscreen><\/iframe><\/p>\n<p>&nbsp;<\/p>\n<p>Gobierno peruano trabaja de manera \u00abfirme\u00bb para revertir situaci\u00f3n de pobreza, dice funcionario<\/p>\n<p><iframe loading=\"lazy\" title=\"Gobierno peruano trabaja de manera &#039;firme&#039; para revertir situaci\u00f3n de pobreza, dice funcionario\" width=\"640\" height=\"360\" src=\"https:\/\/www.youtube.com\/embed\/K5LQY2M2_Gk?feature=oembed\" frameborder=\"0\" allow=\"accelerometer; autoplay; clipboard-write; encrypted-media; gyroscope; picture-in-picture; web-share\" referrerpolicy=\"strict-origin-when-cross-origin\" allowfullscreen><\/iframe><\/p>\n<p>&nbsp;<\/p>\n<p>Pueblos originarios de M\u00e9xico realizan ceremonia ancestral de petici\u00f3n de lluvia ante severa sequ\u00eda<\/p>\n<p><iframe loading=\"lazy\" title=\"Pueblos originarios de M\u00e9xico realizan ceremonia ancestral de petici\u00f3n de lluvia ante severa sequ\u00eda\" width=\"640\" height=\"360\" src=\"https:\/\/www.youtube.com\/embed\/KLzt1lqKXE0?feature=oembed\" frameborder=\"0\" allow=\"accelerometer; autoplay; clipboard-write; encrypted-media; gyroscope; picture-in-picture; web-share\" referrerpolicy=\"strict-origin-when-cross-origin\" allowfullscreen><\/iframe><\/p>\n<p>Festival de danza y m\u00fasica chinas deslumbra a p\u00fablico de Buenos Aires<\/p>\n<p><iframe loading=\"lazy\" title=\"Festival de danza y m\u00fasica chinas deslumbra a p\u00fablico de Buenos Aires\" width=\"640\" height=\"360\" src=\"https:\/\/www.youtube.com\/embed\/hxuaQ6-RIrU?feature=oembed\" frameborder=\"0\" allow=\"accelerometer; autoplay; clipboard-write; encrypted-media; gyroscope; picture-in-picture; web-share\" referrerpolicy=\"strict-origin-when-cross-origin\" allowfullscreen><\/iframe><\/p>\n<p>&nbsp;<\/p>\n<p>Empresarios miran a China como un potencial mercado en la apertura de Expo Flor Ecuador 2024<\/p>\n<p><iframe loading=\"lazy\" title=\"Empresarios miran a China como un potencial mercado en la apertura de Expo Flor Ecuador 2024\" width=\"640\" height=\"360\" src=\"https:\/\/www.youtube.com\/embed\/pWFXQIZV1uk?feature=oembed\" frameborder=\"0\" allow=\"accelerometer; autoplay; clipboard-write; encrypted-media; gyroscope; picture-in-picture; web-share\" referrerpolicy=\"strict-origin-when-cross-origin\" allowfullscreen><\/iframe><\/p>\n<p>&nbsp;<\/p>\n<p>Mariposario de Cali cumple 15 a\u00f1os promoviendo la protecci\u00f3n de la biodiversidad en Colombia<\/p>\n<p><iframe loading=\"lazy\" title=\"Mariposario de Cali cumple 15 a\u00f1os promoviendo la protecci\u00f3n de la biodiversidad en Colombia\" width=\"640\" height=\"360\" src=\"https:\/\/www.youtube.com\/embed\/0bJ_zdzXeJo?feature=oembed\" frameborder=\"0\" allow=\"accelerometer; autoplay; clipboard-write; encrypted-media; gyroscope; picture-in-picture; web-share\" referrerpolicy=\"strict-origin-when-cross-origin\" allowfullscreen><\/iframe><\/p>\n<p>&nbsp;<\/p>\n<p>Familiares de v\u00edctimas de invasi\u00f3n de EEUU a Panam\u00e1, una lucha incansable por memoria y justicia<\/p>\n<p><iframe loading=\"lazy\" title=\"Familiares de v\u00edctimas de invasi\u00f3n de EEUU a Panam\u00e1, una lucha incansable por memoria y justicia\" width=\"640\" height=\"360\" src=\"https:\/\/www.youtube.com\/embed\/0aD18yfyEjo?feature=oembed\" frameborder=\"0\" allow=\"accelerometer; autoplay; clipboard-write; encrypted-media; gyroscope; picture-in-picture; web-share\" referrerpolicy=\"strict-origin-when-cross-origin\" allowfullscreen><\/iframe><\/p>\n<p>&nbsp;<\/p>\n<p>Xinhua realiza seminario con expertos sobre importancia de nuevas fuerzas productivas de calidad para relaci\u00f3n China-M\u00e9xico<\/p>\n<p><iframe loading=\"lazy\" title=\"Xinhua realiza seminario con expertos sobre importancia de nuevas fuerzas productivas de calidad\" width=\"640\" height=\"360\" src=\"https:\/\/www.youtube.com\/embed\/oM5awsfMR1w?feature=oembed\" frameborder=\"0\" allow=\"accelerometer; autoplay; clipboard-write; encrypted-media; gyroscope; picture-in-picture; web-share\" referrerpolicy=\"strict-origin-when-cross-origin\" allowfullscreen><\/iframe><\/p>\n<p>&nbsp;<\/p>\n<p>Autobuses el\u00e9ctricos de origen chino han permitido disminuir contaminaci\u00f3n ac\u00fastica en capital chilena<\/p>\n<p><iframe loading=\"lazy\" title=\"Autobuses el\u00e9ctricos de origen chino han permitido disminuir contaminaci\u00f3n ac\u00fastica en Santiago\" width=\"640\" height=\"360\" src=\"https:\/\/www.youtube.com\/embed\/bQ_NyMp6nY8?feature=oembed\" frameborder=\"0\" allow=\"accelerometer; autoplay; clipboard-write; encrypted-media; gyroscope; picture-in-picture; web-share\" referrerpolicy=\"strict-origin-when-cross-origin\" allowfullscreen><\/iframe><\/p>\n<p>&nbsp;<\/p>\n<p>Joven argentino cumple sue\u00f1o de practicar Kung Fu con monjes Shaolin en China<\/p>\n<p><iframe loading=\"lazy\" title=\"(Amistad China-ALC) Joven argentino cumple sue\u00f1o de practicar Kung Fu con monjes Shaolin en China\" width=\"640\" height=\"360\" src=\"https:\/\/www.youtube.com\/embed\/oB3AgGGjhbk?feature=oembed\" frameborder=\"0\" allow=\"accelerometer; autoplay; clipboard-write; encrypted-media; gyroscope; picture-in-picture; web-share\" referrerpolicy=\"strict-origin-when-cross-origin\" allowfullscreen><\/iframe><\/p>\n<p>&nbsp;<\/p>\n<p>Retorno de Canal de Panam\u00e1, hecho hist\u00f3rico de gran trascendencia e inicio de desarrollo soberano del pa\u00eds: exadministrador<\/p>\n<p><iframe loading=\"lazy\" title=\"Retorno de Canal de Panam\u00e1, hecho hist\u00f3rico de gran trascendencia: exadministrador\" width=\"640\" height=\"360\" src=\"https:\/\/www.youtube.com\/embed\/VgC8JF8EGoE?feature=oembed\" frameborder=\"0\" allow=\"accelerometer; autoplay; clipboard-write; encrypted-media; gyroscope; picture-in-picture; web-share\" referrerpolicy=\"strict-origin-when-cross-origin\" allowfullscreen><\/iframe><\/p>\n<p>&nbsp;<\/p>\n<p>A 60 a\u00f1os de gesta patri\u00f3tica permanece esp\u00edritu valiente y soberano en Panam\u00e1, recuerdan paname\u00f1os<\/p>\n<p><iframe loading=\"lazy\" title=\"A 60 a\u00f1os de gesta patri\u00f3tica permanece esp\u00edritu valiente y soberano en Panam\u00e1, recuerdan paname\u00f1os\" width=\"640\" height=\"360\" src=\"https:\/\/www.youtube.com\/embed\/LMkj6ZxegGY?feature=oembed\" frameborder=\"0\" allow=\"accelerometer; autoplay; clipboard-write; encrypted-media; gyroscope; picture-in-picture; web-share\" referrerpolicy=\"strict-origin-when-cross-origin\" allowfullscreen><\/iframe><\/p>\n<p>&nbsp;<\/p>\n<p>Jard\u00edn Bot\u00e1nico de Cali busca compartir experiencias en conservaci\u00f3n de biodiversidad durante COP16<\/p>\n<p><iframe loading=\"lazy\" title=\"Jard\u00edn Bot\u00e1nico de Cali busca compartir experiencias en conservaci\u00f3n de biodiversidad durante COP16\" width=\"640\" height=\"360\" src=\"https:\/\/www.youtube.com\/embed\/NZicSwuI5n4?feature=oembed\" frameborder=\"0\" allow=\"accelerometer; autoplay; clipboard-write; encrypted-media; gyroscope; picture-in-picture; web-share\" referrerpolicy=\"strict-origin-when-cross-origin\" allowfullscreen><\/iframe><\/p>\n<p>&nbsp;<\/p>\n<p>CineMagic expone colecciones de figuras del cine en el Centro Hist\u00f3rico de Ciudad de M\u00e9xico<\/p>\n<p><iframe loading=\"lazy\" title=\"CineMagic expone colecciones de figuras del cine en el Centro Hist\u00f3rico de Ciudad de M\u00e9xico\" width=\"640\" height=\"360\" src=\"https:\/\/www.youtube.com\/embed\/nb8ToedOGwc?feature=oembed\" frameborder=\"0\" allow=\"accelerometer; autoplay; clipboard-write; encrypted-media; gyroscope; picture-in-picture; web-share\" referrerpolicy=\"strict-origin-when-cross-origin\" allowfullscreen><\/iframe><\/p>\n<p>&nbsp;<\/p>\n<p>M\u00e9xico mantiene viva la tradici\u00f3n del mariachi con un encuentro nacional y vistosos trajes de charro<\/p>\n<p><iframe loading=\"lazy\" title=\"M\u00e9xico mantiene viva la tradici\u00f3n del mariachi con un encuentro nacional y vistosos trajes de charro\" width=\"640\" height=\"360\" src=\"https:\/\/www.youtube.com\/embed\/2C9Kh5gGwBs?feature=oembed\" frameborder=\"0\" allow=\"accelerometer; autoplay; clipboard-write; encrypted-media; gyroscope; picture-in-picture; web-share\" referrerpolicy=\"strict-origin-when-cross-origin\" allowfullscreen><\/iframe><\/p>\n<p>&nbsp;<\/p>\n","protected":false},"excerpt":{"rendered":"<p>Las noticias vivas en tu formato favorito&#8230; &nbsp; Arte, m\u00fasica y color engalanan festejo del&#8230;<\/p>\n","protected":false},"author":1,"featured_media":0,"parent":0,"menu_order":0,"comment_status":"closed","ping_status":"closed","template":"","meta":{"footnotes":""},"class_list":["post-2824","page","type-page","status-publish","hentry"],"_links":{"self":[{"href":"https:\/\/informadorweb.com\/index.php?rest_route=\/wp\/v2\/pages\/2824","targetHints":{"allow":["GET"]}}],"collection":[{"href":"https:\/\/informadorweb.com\/index.php?rest_route=\/wp\/v2\/pages"}],"about":[{"href":"https:\/\/informadorweb.com\/index.php?rest_route=\/wp\/v2\/types\/page"}],"author":[{"embeddable":true,"href":"https:\/\/informadorweb.com\/index.php?rest_route=\/wp\/v2\/users\/1"}],"replies":[{"embeddable":true,"href":"https:\/\/informadorweb.com\/index.php?rest_route=%2Fwp%2Fv2%2Fcomments&post=2824"}],"version-history":[{"count":2,"href":"https:\/\/informadorweb.com\/index.php?rest_route=\/wp\/v2\/pages\/2824\/revisions"}],"predecessor-version":[{"id":20827,"href":"https:\/\/informadorweb.com\/index.php?rest_route=\/wp\/v2\/pages\/2824\/revisions\/20827"}],"wp:attachment":[{"href":"https:\/\/informadorweb.com\/index.php?rest_route=%2Fwp%2Fv2%2Fmedia&parent=2824"}],"curies":[{"name":"wp","href":"https:\/\/api.w.org\/{rel}","templated":true}]}}