{"id":2,"date":"2025-05-08T20:13:40","date_gmt":"2025-05-08T20:13:40","guid":{"rendered":"https:\/\/informadorweb.com\/?page_id=2"},"modified":"2025-05-09T18:52:18","modified_gmt":"2025-05-09T18:52:18","slug":"sample-page","status":"publish","type":"page","link":"https:\/\/informadorweb.com\/?page_id=2","title":{"rendered":"INFORMADOR WEB"},"content":{"rendered":"\n<p>El INFORMADOR WEB est\u00e1 de regreso, somos un grupo de periodistas y fot\u00f3grafos comprometidos con la verdad. Somos EL OJO QUE TODO LO VE.<\/p>\n\n\n\n<p>Como dijo el c\u00e9lebre Octavio Paz:<\/p>\n\n\n\n<blockquote class=\"wp-block-quote is-layout-flow wp-block-quote-is-layout-flow\">\n<p>\u201cEl pensamiento moderno es cr\u00edtico\u201d<\/p>\n<\/blockquote>\n\n\n\n<p>Y en el INFORMADOR WEB buscamos diario esa m\u00e1xima para ofrecerle el sitio m\u00e1s transparente y objetivo sobre los acontecimientos de M\u00e9xico y el Mundo entero.<\/p>\n\n\n\n<p>Pero no es lo \u00fanico, en el INFORMADOR WEB vivimos y respiramos la noticia, la llevamos en nuestro ADN y vamos m\u00e1s all\u00e1, como lo dijo el periodista Manuel Buend\u00eda antes de ser silenciado por su encomiable labor:<\/p>\n\n\n\n<blockquote class=\"wp-block-quote is-layout-flow wp-block-quote-is-layout-flow\">\n<p>El&nbsp;<strong>periodismo<\/strong>&nbsp;es un g\u00e9nero literario que no cede en rango a cualquier otro<\/p>\n<\/blockquote>\n\n\n\n<p>De tal suerte que si le interesa estar informado en verdad, no pierda detalle de nuestro recorrido por la Aldea Global.<\/p>\n\n\n\n<figure class=\"wp-block-image size-large\"><img loading=\"lazy\" decoding=\"async\" width=\"1024\" height=\"579\" src=\"https:\/\/informadorweb.com\/wp-content\/uploads\/2025\/05\/informador-web-logo-1024x579.png\" alt=\"\" class=\"wp-image-214\" srcset=\"https:\/\/informadorweb.com\/wp-content\/uploads\/2025\/05\/informador-web-logo-1024x579.png 1024w, https:\/\/informadorweb.com\/wp-content\/uploads\/2025\/05\/informador-web-logo-300x170.png 300w, https:\/\/informadorweb.com\/wp-content\/uploads\/2025\/05\/informador-web-logo-768x434.png 768w, https:\/\/informadorweb.com\/wp-content\/uploads\/2025\/05\/informador-web-logo-1536x868.png 1536w, https:\/\/informadorweb.com\/wp-content\/uploads\/2025\/05\/informador-web-logo.png 1656w\" sizes=\"auto, (max-width: 1024px) 100vw, 1024px\" \/><\/figure>\n","protected":false},"excerpt":{"rendered":"<p>El INFORMADOR WEB est\u00e1 de regreso, somos un grupo de periodistas y fot\u00f3grafos comprometidos con&#8230;<\/p>\n","protected":false},"author":1,"featured_media":7,"parent":0,"menu_order":0,"comment_status":"closed","ping_status":"open","template":"","meta":{"footnotes":""},"class_list":["post-2","page","type-page","status-publish","has-post-thumbnail","hentry"],"_links":{"self":[{"href":"https:\/\/informadorweb.com\/index.php?rest_route=\/wp\/v2\/pages\/2","targetHints":{"allow":["GET"]}}],"collection":[{"href":"https:\/\/informadorweb.com\/index.php?rest_route=\/wp\/v2\/pages"}],"about":[{"href":"https:\/\/informadorweb.com\/index.php?rest_route=\/wp\/v2\/types\/page"}],"author":[{"embeddable":true,"href":"https:\/\/informadorweb.com\/index.php?rest_route=\/wp\/v2\/users\/1"}],"replies":[{"embeddable":true,"href":"https:\/\/informadorweb.com\/index.php?rest_route=%2Fwp%2Fv2%2Fcomments&post=2"}],"version-history":[{"count":3,"href":"https:\/\/informadorweb.com\/index.php?rest_route=\/wp\/v2\/pages\/2\/revisions"}],"predecessor-version":[{"id":215,"href":"https:\/\/informadorweb.com\/index.php?rest_route=\/wp\/v2\/pages\/2\/revisions\/215"}],"wp:featuredmedia":[{"embeddable":true,"href":"https:\/\/informadorweb.com\/index.php?rest_route=\/wp\/v2\/media\/7"}],"wp:attachment":[{"href":"https:\/\/informadorweb.com\/index.php?rest_route=%2Fwp%2Fv2%2Fmedia&parent=2"}],"curies":[{"name":"wp","href":"https:\/\/api.w.org\/{rel}","templated":true}]}}